{"id":16,"date":"2025-02-20T14:40:11","date_gmt":"2025-02-20T13:40:11","guid":{"rendered":"https:\/\/marineetloisirs.com\/?page_id=16"},"modified":"2025-02-24T10:55:13","modified_gmt":"2025-02-24T09:55:13","slug":"page-accueil","status":"publish","type":"page","link":"https:\/\/marineetloisirs.com\/","title":{"rendered":"page accueil"},"content":{"rendered":"\t\t<div data-elementor-type=\"wp-page\" data-elementor-id=\"16\" class=\"elementor elementor-16\" data-elementor-post-type=\"page\">\n\t\t\t\t\t\t<section class=\"elementor-section elementor-top-section elementor-element elementor-element-7cfc497b elementor-section-boxed elementor-section-height-default elementor-section-height-default\" data-id=\"7cfc497b\" data-element_type=\"section\" data-settings=\"{&quot;background_background&quot;:&quot;classic&quot;,&quot;shape_divider_bottom&quot;:&quot;waves&quot;}\">\n\t\t\t\t\t\t\t<div class=\"elementor-background-overlay\"><\/div>\n\t\t\t\t\t\t<div class=\"elementor-shape elementor-shape-bottom\" data-negative=\"false\">\n\t\t\t<svg xmlns=\"http:\/\/www.w3.org\/2000\/svg\" viewBox=\"0 0 1000 100\" preserveAspectRatio=\"none\">\n\t<path class=\"elementor-shape-fill\" d=\"M421.9,6.5c22.6-2.5,51.5,0.4,75.5,5.3c23.6,4.9,70.9,23.5,100.5,35.7c75.8,32.2,133.7,44.5,192.6,49.7\n\tc23.6,2.1,48.7,3.5,103.4-2.5c54.7-6,106.2-25.6,106.2-25.6V0H0v30.3c0,0,72,32.6,158.4,30.5c39.2-0.7,92.8-6.7,134-22.4\n\tc21.2-8.1,52.2-18.2,79.7-24.2C399.3,7.9,411.6,7.5,421.9,6.5z\"\/>\n<\/svg>\t\t<\/div>\n\t\t\t\t\t<div class=\"elementor-container elementor-column-gap-default\">\n\t\t\t\t\t<div class=\"elementor-column elementor-col-100 elementor-top-column elementor-element elementor-element-36993d7d\" data-id=\"36993d7d\" data-element_type=\"column\">\n\t\t\t<div class=\"elementor-widget-wrap elementor-element-populated\">\n\t\t\t\t\t\t<div class=\"elementor-element elementor-element-9621c6d elementor-widget elementor-widget-heading\" data-id=\"9621c6d\" data-element_type=\"widget\" data-widget_type=\"heading.default\">\n\t\t\t\t<div class=\"elementor-widget-container\">\n\t\t\t\t\t<div class=\"elementor-heading-title elementor-size-default\">Bienvenue dans notre espace d\u00e9di\u00e9 aux passionn\u00e9s de loisirs nautiques et de p\u00eache !<\/div>\t\t\t\t<\/div>\n\t\t\t\t<\/div>\n\t\t\t\t<div class=\"elementor-element elementor-element-0b7033b elementor-widget elementor-widget-image\" data-id=\"0b7033b\" data-element_type=\"widget\" data-widget_type=\"image.default\">\n\t\t\t\t<div class=\"elementor-widget-container\">\n\t\t\t\t\t\t\t\t\t\t\t\t\t\t\t<img fetchpriority=\"high\" decoding=\"async\" width=\"800\" height=\"352\" src=\"https:\/\/marineetloisirs.com\/wp-content\/uploads\/2025\/02\/PHOTO-2025-01-28-14-27-29-e1740390155127-1024x451.jpg\" class=\"attachment-large size-large wp-image-64\" alt=\"\" srcset=\"https:\/\/marineetloisirs.com\/wp-content\/uploads\/2025\/02\/PHOTO-2025-01-28-14-27-29-e1740390155127-1024x451.jpg 1024w, https:\/\/marineetloisirs.com\/wp-content\/uploads\/2025\/02\/PHOTO-2025-01-28-14-27-29-e1740390155127-300x132.jpg 300w, https:\/\/marineetloisirs.com\/wp-content\/uploads\/2025\/02\/PHOTO-2025-01-28-14-27-29-e1740390155127-768x338.jpg 768w, https:\/\/marineetloisirs.com\/wp-content\/uploads\/2025\/02\/PHOTO-2025-01-28-14-27-29-e1740390155127.jpg 1200w\" sizes=\"(max-width: 800px) 100vw, 800px\" \/>\t\t\t\t\t\t\t\t\t\t\t\t\t\t\t<\/div>\n\t\t\t\t<\/div>\n\t\t\t\t<div class=\"elementor-element elementor-element-561fbe57 elementor-widget elementor-widget-text-editor\" data-id=\"561fbe57\" data-element_type=\"widget\" data-widget_type=\"text-editor.default\">\n\t\t\t\t<div class=\"elementor-widget-container\">\n\t\t\t\t\t\t\t\t\t<p>Chez Marine &amp; loisirs, nous vous proposons une large gamme de produits et d&#8217;\u00e9quipements pour vivre pleinement vos aventures sur l&#8217;eau. Que vous soyez un p\u00eacheur, un amateur de kayak ou un plaisancier en qu\u00eate de performance, nous avons tout ce qu&#8217;il vous faut.<\/p>\t\t\t\t\t\t\t\t<\/div>\n\t\t\t\t<\/div>\n\t\t\t\t\t<\/div>\n\t\t<\/div>\n\t\t\t\t\t<\/div>\n\t\t<\/section>\n\t\t<div class=\"elementor-element elementor-element-4d9e11b e-flex e-con-boxed e-con e-parent\" data-id=\"4d9e11b\" data-element_type=\"container\">\n\t\t\t\t\t<div class=\"e-con-inner\">\n\t\t\t\t<div class=\"elementor-element elementor-element-a3bf2d5 elementor-widget elementor-widget-google_maps\" data-id=\"a3bf2d5\" data-element_type=\"widget\" data-widget_type=\"google_maps.default\">\n\t\t\t\t<div class=\"elementor-widget-container\">\n\t\t\t\t\t\t\t<div class=\"elementor-custom-embed\">\n\t\t\t<iframe loading=\"lazy\"\n\t\t\t\t\tsrc=\"https:\/\/maps.google.com\/maps?q=marine%20et%20loisirs%206%20RUE%20DES%20ENTREPRISES%20DEGRAD%20DES%20CANNES%20Remire-Montjoly%2C%2097354%2C%20Guyane%20fran%C3%A7aise&#038;t=m&#038;z=15&#038;output=embed&#038;iwloc=near\"\n\t\t\t\t\ttitle=\"marine et loisirs 6 RUE DES ENTREPRISES DEGRAD DES CANNES Remire-Montjoly, 97354, Guyane fran\u00e7aise\"\n\t\t\t\t\taria-label=\"marine et loisirs 6 RUE DES ENTREPRISES DEGRAD DES CANNES Remire-Montjoly, 97354, Guyane fran\u00e7aise\"\n\t\t\t><\/iframe>\n\t\t<\/div>\n\t\t\t\t\t\t<\/div>\n\t\t\t\t<\/div>\n\t\t\t\t\t<\/div>\n\t\t\t\t<\/div>\n\t\t\t\t<section class=\"elementor-section elementor-top-section elementor-element elementor-element-4a2f0759 elementor-section-boxed elementor-section-height-default elementor-section-height-default\" data-id=\"4a2f0759\" data-element_type=\"section\">\n\t\t\t\t\t\t<div class=\"elementor-container elementor-column-gap-default\">\n\t\t\t\t\t<div class=\"elementor-column elementor-col-50 elementor-top-column elementor-element elementor-element-44464f11 elementor-invisible\" data-id=\"44464f11\" data-element_type=\"column\" data-settings=\"{&quot;animation&quot;:&quot;fadeInLeft&quot;}\">\n\t\t\t<div class=\"elementor-widget-wrap elementor-element-populated\">\n\t\t\t\t\t\t<div class=\"elementor-element elementor-element-2cc5f601 elementor-widget elementor-widget-heading\" data-id=\"2cc5f601\" data-element_type=\"widget\" data-widget_type=\"heading.default\">\n\t\t\t\t<div class=\"elementor-widget-container\">\n\t\t\t\t\t<h2 class=\"elementor-heading-title elementor-size-default\">Nous travaillons avec les plus grandes marques<\/h2>\t\t\t\t<\/div>\n\t\t\t\t<\/div>\n\t\t\t\t\t<\/div>\n\t\t<\/div>\n\t\t\t\t<div class=\"elementor-column elementor-col-50 elementor-top-column elementor-element elementor-element-10aa1332\" data-id=\"10aa1332\" data-element_type=\"column\">\n\t\t\t<div class=\"elementor-widget-wrap elementor-element-populated\">\n\t\t\t\t\t\t<section class=\"elementor-section elementor-inner-section elementor-element elementor-element-6a63bfc5 elementor-section-boxed elementor-section-height-default elementor-section-height-default elementor-invisible\" data-id=\"6a63bfc5\" data-element_type=\"section\" data-settings=\"{&quot;animation&quot;:&quot;fadeInRight&quot;}\">\n\t\t\t\t\t\t<div class=\"elementor-container elementor-column-gap-default\">\n\t\t\t\t\t<div class=\"elementor-column elementor-col-33 elementor-inner-column elementor-element elementor-element-74ef6d25\" data-id=\"74ef6d25\" data-element_type=\"column\">\n\t\t\t<div class=\"elementor-widget-wrap elementor-element-populated\">\n\t\t\t\t\t\t<div class=\"elementor-element elementor-element-8d0c5ff elementor-widget elementor-widget-image\" data-id=\"8d0c5ff\" data-element_type=\"widget\" data-widget_type=\"image.default\">\n\t\t\t\t<div class=\"elementor-widget-container\">\n\t\t\t\t\t\t\t\t\t\t\t\t\t\t\t<img decoding=\"async\" width=\"500\" height=\"500\" src=\"https:\/\/marineetloisirs.com\/wp-content\/uploads\/2025\/02\/Design-sans-titre-7.png\" class=\"attachment-large size-large wp-image-76\" alt=\"\" srcset=\"https:\/\/marineetloisirs.com\/wp-content\/uploads\/2025\/02\/Design-sans-titre-7.png 500w, https:\/\/marineetloisirs.com\/wp-content\/uploads\/2025\/02\/Design-sans-titre-7-300x300.png 300w, https:\/\/marineetloisirs.com\/wp-content\/uploads\/2025\/02\/Design-sans-titre-7-150x150.png 150w\" sizes=\"(max-width: 500px) 100vw, 500px\" \/>\t\t\t\t\t\t\t\t\t\t\t\t\t\t\t<\/div>\n\t\t\t\t<\/div>\n\t\t\t\t\t<\/div>\n\t\t<\/div>\n\t\t\t\t<div class=\"elementor-column elementor-col-33 elementor-inner-column elementor-element elementor-element-bb06223\" data-id=\"bb06223\" data-element_type=\"column\">\n\t\t\t<div class=\"elementor-widget-wrap elementor-element-populated\">\n\t\t\t\t\t\t<div class=\"elementor-element elementor-element-400677d elementor-widget elementor-widget-image\" data-id=\"400677d\" data-element_type=\"widget\" data-widget_type=\"image.default\">\n\t\t\t\t<div class=\"elementor-widget-container\">\n\t\t\t\t\t\t\t\t\t\t\t\t\t\t\t<img decoding=\"async\" width=\"500\" height=\"500\" src=\"https:\/\/marineetloisirs.com\/wp-content\/uploads\/2025\/02\/Design-sans-titre-9.png\" class=\"attachment-large size-large wp-image-77\" alt=\"\" srcset=\"https:\/\/marineetloisirs.com\/wp-content\/uploads\/2025\/02\/Design-sans-titre-9.png 500w, https:\/\/marineetloisirs.com\/wp-content\/uploads\/2025\/02\/Design-sans-titre-9-300x300.png 300w, https:\/\/marineetloisirs.com\/wp-content\/uploads\/2025\/02\/Design-sans-titre-9-150x150.png 150w\" sizes=\"(max-width: 500px) 100vw, 500px\" \/>\t\t\t\t\t\t\t\t\t\t\t\t\t\t\t<\/div>\n\t\t\t\t<\/div>\n\t\t\t\t\t<\/div>\n\t\t<\/div>\n\t\t\t\t<div class=\"elementor-column elementor-col-33 elementor-inner-column elementor-element elementor-element-79efeb2\" data-id=\"79efeb2\" data-element_type=\"column\">\n\t\t\t<div class=\"elementor-widget-wrap elementor-element-populated\">\n\t\t\t\t\t\t<div class=\"elementor-element elementor-element-9b14da5 elementor-widget elementor-widget-image\" data-id=\"9b14da5\" data-element_type=\"widget\" data-widget_type=\"image.default\">\n\t\t\t\t<div class=\"elementor-widget-container\">\n\t\t\t\t\t\t\t\t\t\t\t\t\t\t\t<img loading=\"lazy\" decoding=\"async\" width=\"500\" height=\"500\" src=\"https:\/\/marineetloisirs.com\/wp-content\/uploads\/2025\/02\/Design-sans-titre-8.png\" class=\"attachment-large size-large wp-image-78\" alt=\"\" srcset=\"https:\/\/marineetloisirs.com\/wp-content\/uploads\/2025\/02\/Design-sans-titre-8.png 500w, https:\/\/marineetloisirs.com\/wp-content\/uploads\/2025\/02\/Design-sans-titre-8-300x300.png 300w, https:\/\/marineetloisirs.com\/wp-content\/uploads\/2025\/02\/Design-sans-titre-8-150x150.png 150w\" sizes=\"(max-width: 500px) 100vw, 500px\" \/>\t\t\t\t\t\t\t\t\t\t\t\t\t\t\t<\/div>\n\t\t\t\t<\/div>\n\t\t\t\t\t<\/div>\n\t\t<\/div>\n\t\t\t\t\t<\/div>\n\t\t<\/section>\n\t\t\t\t\t<\/div>\n\t\t<\/div>\n\t\t\t\t\t<\/div>\n\t\t<\/section>\n\t\t\t\t<section class=\"elementor-section elementor-top-section elementor-element elementor-element-5ffbacb8 elementor-section-boxed elementor-section-height-default elementor-section-height-default\" data-id=\"5ffbacb8\" data-element_type=\"section\" data-settings=\"{&quot;background_background&quot;:&quot;classic&quot;,&quot;shape_divider_top&quot;:&quot;waves&quot;,&quot;shape_divider_bottom&quot;:&quot;waves&quot;}\">\n\t\t\t\t\t\t\t<div class=\"elementor-background-overlay\"><\/div>\n\t\t\t\t\t\t<div class=\"elementor-shape elementor-shape-top\" data-negative=\"false\">\n\t\t\t<svg xmlns=\"http:\/\/www.w3.org\/2000\/svg\" viewBox=\"0 0 1000 100\" preserveAspectRatio=\"none\">\n\t<path class=\"elementor-shape-fill\" d=\"M421.9,6.5c22.6-2.5,51.5,0.4,75.5,5.3c23.6,4.9,70.9,23.5,100.5,35.7c75.8,32.2,133.7,44.5,192.6,49.7\n\tc23.6,2.1,48.7,3.5,103.4-2.5c54.7-6,106.2-25.6,106.2-25.6V0H0v30.3c0,0,72,32.6,158.4,30.5c39.2-0.7,92.8-6.7,134-22.4\n\tc21.2-8.1,52.2-18.2,79.7-24.2C399.3,7.9,411.6,7.5,421.9,6.5z\"\/>\n<\/svg>\t\t<\/div>\n\t\t\t\t<div class=\"elementor-shape elementor-shape-bottom\" data-negative=\"false\">\n\t\t\t<svg xmlns=\"http:\/\/www.w3.org\/2000\/svg\" viewBox=\"0 0 1000 100\" preserveAspectRatio=\"none\">\n\t<path class=\"elementor-shape-fill\" d=\"M421.9,6.5c22.6-2.5,51.5,0.4,75.5,5.3c23.6,4.9,70.9,23.5,100.5,35.7c75.8,32.2,133.7,44.5,192.6,49.7\n\tc23.6,2.1,48.7,3.5,103.4-2.5c54.7-6,106.2-25.6,106.2-25.6V0H0v30.3c0,0,72,32.6,158.4,30.5c39.2-0.7,92.8-6.7,134-22.4\n\tc21.2-8.1,52.2-18.2,79.7-24.2C399.3,7.9,411.6,7.5,421.9,6.5z\"\/>\n<\/svg>\t\t<\/div>\n\t\t\t\t\t<div class=\"elementor-container elementor-column-gap-default\">\n\t\t\t\t\t<div class=\"elementor-column elementor-col-100 elementor-top-column elementor-element elementor-element-71239d9a\" data-id=\"71239d9a\" data-element_type=\"column\">\n\t\t\t<div class=\"elementor-widget-wrap elementor-element-populated\">\n\t\t\t\t\t\t<div class=\"elementor-element elementor-element-80916cd elementor-widget elementor-widget-spacer\" data-id=\"80916cd\" data-element_type=\"widget\" data-widget_type=\"spacer.default\">\n\t\t\t\t<div class=\"elementor-widget-container\">\n\t\t\t\t\t\t\t<div class=\"elementor-spacer\">\n\t\t\t<div class=\"elementor-spacer-inner\"><\/div>\n\t\t<\/div>\n\t\t\t\t\t\t<\/div>\n\t\t\t\t<\/div>\n\t\t\t\t<section class=\"elementor-section elementor-inner-section elementor-element elementor-element-2517c0a4 elementor-section-boxed elementor-section-height-default elementor-section-height-default\" data-id=\"2517c0a4\" data-element_type=\"section\">\n\t\t\t\t\t\t<div class=\"elementor-container elementor-column-gap-default\">\n\t\t\t\t\t<div class=\"elementor-column elementor-col-50 elementor-inner-column elementor-element elementor-element-71e9ad7 elementor-invisible\" data-id=\"71e9ad7\" data-element_type=\"column\" data-settings=\"{&quot;animation&quot;:&quot;fadeInLeft&quot;}\">\n\t\t\t<div class=\"elementor-widget-wrap elementor-element-populated\">\n\t\t\t\t\t\t<div class=\"elementor-element elementor-element-72a3408b elementor-widget elementor-widget-heading\" data-id=\"72a3408b\" data-element_type=\"widget\" data-widget_type=\"heading.default\">\n\t\t\t\t<div class=\"elementor-widget-container\">\n\t\t\t\t\t<h2 class=\"elementor-heading-title elementor-size-default\">Depuis 2008, Marine &amp; Loisirs met son expertise au service des passionn\u00e9s de nautisme, soit 17 ann\u00e9es d\u2019engagement et de savoir-faire en Guyane.<\/h2>\t\t\t\t<\/div>\n\t\t\t\t<\/div>\n\t\t\t\t<div class=\"elementor-element elementor-element-3c52a569 elementor-widget-divider--view-line elementor-widget elementor-widget-divider\" data-id=\"3c52a569\" data-element_type=\"widget\" data-widget_type=\"divider.default\">\n\t\t\t\t<div class=\"elementor-widget-container\">\n\t\t\t\t\t\t\t<div class=\"elementor-divider\">\n\t\t\t<span class=\"elementor-divider-separator\">\n\t\t\t\t\t\t<\/span>\n\t\t<\/div>\n\t\t\t\t\t\t<\/div>\n\t\t\t\t<\/div>\n\t\t\t\t\t<\/div>\n\t\t<\/div>\n\t\t\t\t<div class=\"elementor-column elementor-col-50 elementor-inner-column elementor-element elementor-element-2778735 elementor-invisible\" data-id=\"2778735\" data-element_type=\"column\" data-settings=\"{&quot;animation&quot;:&quot;zoomIn&quot;}\">\n\t\t\t<div class=\"elementor-widget-wrap elementor-element-populated\">\n\t\t\t\t\t\t<div class=\"elementor-element elementor-element-877cea3 elementor-widget elementor-widget-counter\" data-id=\"877cea3\" data-element_type=\"widget\" data-widget_type=\"counter.default\">\n\t\t\t\t<div class=\"elementor-widget-container\">\n\t\t\t\t\t\t\t<div class=\"elementor-counter\">\n\t\t\t<div class=\"elementor-counter-title\">ann\u00e9es d\u2019engagement<\/div>\t\t\t<div class=\"elementor-counter-number-wrapper\">\n\t\t\t\t<span class=\"elementor-counter-number-prefix\"><\/span>\n\t\t\t\t<span class=\"elementor-counter-number\" data-duration=\"2000\" data-to-value=\"17\" data-from-value=\"0\" data-delimiter=\",\">0<\/span>\n\t\t\t\t<span class=\"elementor-counter-number-suffix\">+<\/span>\n\t\t\t<\/div>\n\t\t<\/div>\n\t\t\t\t\t\t<\/div>\n\t\t\t\t<\/div>\n\t\t\t\t\t<\/div>\n\t\t<\/div>\n\t\t\t\t\t<\/div>\n\t\t<\/section>\n\t\t\t\t\t<\/div>\n\t\t<\/div>\n\t\t\t\t\t<\/div>\n\t\t<\/section>\n\t\t\t\t<section class=\"elementor-section elementor-top-section elementor-element elementor-element-1736f8db elementor-section-boxed elementor-section-height-default elementor-section-height-default\" data-id=\"1736f8db\" data-element_type=\"section\">\n\t\t\t\t\t\t<div class=\"elementor-container elementor-column-gap-default\">\n\t\t\t\t\t<div class=\"elementor-column elementor-col-100 elementor-top-column elementor-element elementor-element-20da7b04\" data-id=\"20da7b04\" data-element_type=\"column\">\n\t\t\t<div class=\"elementor-widget-wrap elementor-element-populated\">\n\t\t\t\t\t\t<section class=\"elementor-section elementor-inner-section elementor-element elementor-element-a7323 elementor-section-boxed elementor-section-height-default elementor-section-height-default\" data-id=\"a7323\" data-element_type=\"section\">\n\t\t\t\t\t\t<div class=\"elementor-container elementor-column-gap-default\">\n\t\t\t\t\t<div class=\"elementor-column elementor-col-100 elementor-inner-column elementor-element elementor-element-60f20119 elementor-invisible\" data-id=\"60f20119\" data-element_type=\"column\" data-settings=\"{&quot;animation&quot;:&quot;fadeInLeft&quot;}\">\n\t\t\t<div class=\"elementor-widget-wrap elementor-element-populated\">\n\t\t\t\t\t\t<div class=\"elementor-element elementor-element-5e8e357e elementor-widget elementor-widget-heading\" data-id=\"5e8e357e\" data-element_type=\"widget\" data-widget_type=\"heading.default\">\n\t\t\t\t<div class=\"elementor-widget-container\">\n\t\t\t\t\t<h2 class=\"elementor-heading-title elementor-size-default\">Marine &amp; Loisirs : Une Passion Familiale au Service du Nautisme en Guyane<\/h2>\t\t\t\t<\/div>\n\t\t\t\t<\/div>\n\t\t\t\t<div class=\"elementor-element elementor-element-67731d84 elementor-widget-divider--view-line elementor-widget elementor-widget-divider\" data-id=\"67731d84\" data-element_type=\"widget\" data-widget_type=\"divider.default\">\n\t\t\t\t<div class=\"elementor-widget-container\">\n\t\t\t\t\t\t\t<div class=\"elementor-divider\">\n\t\t\t<span class=\"elementor-divider-separator\">\n\t\t\t\t\t\t<\/span>\n\t\t<\/div>\n\t\t\t\t\t\t<\/div>\n\t\t\t\t<\/div>\n\t\t\t\t<div class=\"elementor-element elementor-element-3ecb2d9 elementor-widget elementor-widget-text-editor\" data-id=\"3ecb2d9\" data-element_type=\"widget\" data-widget_type=\"text-editor.default\">\n\t\t\t\t<div class=\"elementor-widget-container\">\n\t\t\t\t\t\t\t\t\t<h3 data-start=\"75\" data-end=\"139\"><strong data-start=\"79\" data-end=\"137\">Une passion familiale au service du nautisme en Guyane<\/strong><\/h3><p data-start=\"141\" data-end=\"464\">Depuis mon plus jeune \u00e2ge, j\u2019ai baign\u00e9 dans le nautisme de plaisance, une activit\u00e9 encore naissante en Guyane dans les ann\u00e9es 70. \u00c0 cette \u00e9poque, mes parents ont obtenu la distribution de plusieurs marques internationales prestigieuses telles que <strong data-start=\"388\" data-end=\"436\">Boston Whaler, Mercury Marine, Yamaha Marine<\/strong>, et bien d\u2019autres encore.<\/p><p data-start=\"466\" data-end=\"860\">Apr\u00e8s avoir suivi un cursus de technicien automobile, j\u2019ai int\u00e9gr\u00e9 la vie professionnelle \u00e0 leurs c\u00f4t\u00e9s, d&#8217;abord en tant que m\u00e9canicien, puis en tant que responsable de leur activit\u00e9 nautique. Fort de cette exp\u00e9rience et de notre notori\u00e9t\u00e9 dans le secteur, j\u2019ai fond\u00e9 <strong data-start=\"734\" data-end=\"762\">Marine &amp; Loisirs en 2005<\/strong>, avec pour ambition de <strong data-start=\"786\" data-end=\"857\">p\u00e9renniser et d\u00e9velopper la repr\u00e9sentation de ces marques en Guyane<\/strong>.<\/p><h3 data-start=\"862\" data-end=\"918\"><strong data-start=\"866\" data-end=\"916\">Marine &amp; Loisirs : un espace d\u00e9di\u00e9 au nautisme<\/strong><\/h3><p data-start=\"920\" data-end=\"1170\">Depuis 2008, <strong data-start=\"933\" data-end=\"953\">Marine &amp; Loisirs<\/strong> vous accueille sur la commune de <strong data-start=\"987\" data-end=\"1006\">R\u00e9mire-Montjoly<\/strong>, plus pr\u00e9cis\u00e9ment dans la <strong data-start=\"1033\" data-end=\"1095\">zone industrielle du port de commerce de D\u00e9grad des Cannes<\/strong>. L\u2019entreprise est implant\u00e9e sur un terrain de <strong data-start=\"1142\" data-end=\"1154\">7 000 m\u00b2<\/strong>, comprenant :<\/p><ul data-start=\"1172\" data-end=\"1433\"><li data-start=\"1172\" data-end=\"1269\"><strong data-start=\"1174\" data-end=\"1210\">Un b\u00e2timent commercial principal<\/strong> avec un showroom de <strong data-start=\"1231\" data-end=\"1241\">600 m\u00b2<\/strong> d\u00e9di\u00e9 \u00e0 Marine &amp; Loisirs.<\/li><li data-start=\"1270\" data-end=\"1348\"><strong data-start=\"1272\" data-end=\"1314\">Un second b\u00e2timent commercial attenant<\/strong> avec un showroom de <strong data-start=\"1335\" data-end=\"1345\">300 m\u00b2<\/strong>.<\/li><li data-start=\"1349\" data-end=\"1433\"><strong data-start=\"1351\" data-end=\"1376\">Un troisi\u00e8me b\u00e2timent<\/strong> enti\u00e8rement consacr\u00e9 au <strong data-start=\"1401\" data-end=\"1430\">service apr\u00e8s-vente (SAV)<\/strong>.<\/li><\/ul><h3 data-start=\"1435\" data-end=\"1482\"><strong data-start=\"1439\" data-end=\"1480\">Une passion partag\u00e9e avec nos clients<\/strong><\/h3><p data-start=\"1484\" data-end=\"1750\">Chez <strong data-start=\"1489\" data-end=\"1509\">Marine &amp; Loisirs<\/strong>, nous avons \u00e0 c\u0153ur de partager notre passion pour le nautisme, la p\u00eache sportive et les balades maritimes ou fluviales. Nous vous invitons \u00e0 d\u00e9couvrir les richesses exceptionnelles de la Guyane, \u00e0 quelques encablures du <strong data-start=\"1730\" data-end=\"1747\">fleuve Mahury<\/strong>.<\/p><h3 data-start=\"1752\" data-end=\"1814\"><strong data-start=\"1756\" data-end=\"1812\">ML Charters &amp; Services : des excursions inoubliables<\/strong><\/h3><p data-start=\"1816\" data-end=\"1894\">Marine &amp; Loisirs, c\u2019est aussi <strong data-start=\"1846\" data-end=\"1872\">ML Charters &amp; Services<\/strong>, qui vous propose :<\/p><ul data-start=\"1896\" data-end=\"2225\"><li data-start=\"1896\" data-end=\"2037\"><strong data-start=\"1898\" data-end=\"1970\">Des excursions vers l\u2019\u00eelet la M\u00e8re, les \u00eeles du Salut et les fleuves<\/strong> \u00e0 bord de <strong data-start=\"1981\" data-end=\"1995\">ML Express<\/strong>, notre navire \u00e0 passagers de 12 places.<\/li><li data-start=\"2038\" data-end=\"2225\"><strong data-start=\"2040\" data-end=\"2073\">Des sorties de p\u00eache sportive<\/strong> avec <strong data-start=\"2079\" data-end=\"2089\">ML One<\/strong>, notre <strong data-start=\"2097\" data-end=\"2126\">Boston Whaler 330 Outrage<\/strong>, un bateau sp\u00e9cialement con\u00e7u pour vous faire d\u00e9couvrir la richesse halieutique de notre r\u00e9gion.<\/li><\/ul><p data-start=\"2227\" data-end=\"2344\">Rejoignez-nous pour vivre une <strong data-start=\"2257\" data-end=\"2302\">exp\u00e9rience unique sur les eaux guyanaises<\/strong> et partager notre passion du nautisme !<\/p>\t\t\t\t\t\t\t\t<\/div>\n\t\t\t\t<\/div>\n\t\t\t\t<div class=\"elementor-element elementor-element-40d52ff elementor-widget elementor-widget-image\" data-id=\"40d52ff\" data-element_type=\"widget\" data-widget_type=\"image.default\">\n\t\t\t\t<div class=\"elementor-widget-container\">\n\t\t\t\t\t\t\t\t\t\t\t\t<figure class=\"wp-caption\">\n\t\t\t\t\t\t\t\t\t\t<img loading=\"lazy\" decoding=\"async\" width=\"500\" height=\"375\" src=\"https:\/\/marineetloisirs.com\/wp-content\/uploads\/2025\/02\/image-2.jpg\" class=\"attachment-large size-large wp-image-84\" alt=\"\" srcset=\"https:\/\/marineetloisirs.com\/wp-content\/uploads\/2025\/02\/image-2.jpg 500w, https:\/\/marineetloisirs.com\/wp-content\/uploads\/2025\/02\/image-2-300x225.jpg 300w\" sizes=\"(max-width: 500px) 100vw, 500px\" \/>\t\t\t\t\t\t\t\t\t\t\t<figcaption class=\"widget-image-caption wp-caption-text\">Pascal Vaud\u00e9 Pr\u00e9sident<\/figcaption>\n\t\t\t\t\t\t\t\t\t\t<\/figure>\n\t\t\t\t\t\t\t\t\t<\/div>\n\t\t\t\t<\/div>\n\t\t\t\t\t<\/div>\n\t\t<\/div>\n\t\t\t\t\t<\/div>\n\t\t<\/section>\n\t\t\t\t\t<\/div>\n\t\t<\/div>\n\t\t\t\t\t<\/div>\n\t\t<\/section>\n\t\t\t\t<\/div>\n\t\t","protected":false},"excerpt":{"rendered":"<p>Bienvenue dans notre espace d\u00e9di\u00e9 aux passionn\u00e9s de loisirs nautiques et de p\u00eache ! Chez Marine &amp; loisirs, nous vous proposons une large gamme de produits et d&#8217;\u00e9quipements pour vivre pleinement vos aventures sur l&#8217;eau. Que vous soyez un p\u00eacheur, un amateur de kayak ou un plaisancier en qu\u00eate de performance, nous avons tout ce [&hellip;]<\/p>\n","protected":false},"author":1,"featured_media":0,"parent":0,"menu_order":0,"comment_status":"closed","ping_status":"closed","template":"","meta":{"footnotes":""},"class_list":["post-16","page","type-page","status-publish","hentry"],"_links":{"self":[{"href":"https:\/\/marineetloisirs.com\/index.php\/wp-json\/wp\/v2\/pages\/16","targetHints":{"allow":["GET"]}}],"collection":[{"href":"https:\/\/marineetloisirs.com\/index.php\/wp-json\/wp\/v2\/pages"}],"about":[{"href":"https:\/\/marineetloisirs.com\/index.php\/wp-json\/wp\/v2\/types\/page"}],"author":[{"embeddable":true,"href":"https:\/\/marineetloisirs.com\/index.php\/wp-json\/wp\/v2\/users\/1"}],"replies":[{"embeddable":true,"href":"https:\/\/marineetloisirs.com\/index.php\/wp-json\/wp\/v2\/comments?post=16"}],"version-history":[{"count":19,"href":"https:\/\/marineetloisirs.com\/index.php\/wp-json\/wp\/v2\/pages\/16\/revisions"}],"predecessor-version":[{"id":101,"href":"https:\/\/marineetloisirs.com\/index.php\/wp-json\/wp\/v2\/pages\/16\/revisions\/101"}],"wp:attachment":[{"href":"https:\/\/marineetloisirs.com\/index.php\/wp-json\/wp\/v2\/media?parent=16"}],"curies":[{"name":"wp","href":"https:\/\/api.w.org\/{rel}","templated":true}]}}