{"id":37,"date":"2025-02-20T14:52:44","date_gmt":"2025-02-20T13:52:44","guid":{"rendered":"https:\/\/marineetloisirs.com\/?page_id=37"},"modified":"2025-02-24T11:37:41","modified_gmt":"2025-02-24T10:37:41","slug":"produits","status":"publish","type":"page","link":"https:\/\/marineetloisirs.com\/index.php\/produits\/","title":{"rendered":"Produits"},"content":{"rendered":"\t\t<div data-elementor-type=\"wp-page\" data-elementor-id=\"37\" class=\"elementor elementor-37\" data-elementor-post-type=\"page\">\n\t\t\t\t\t\t<section class=\"elementor-section elementor-top-section elementor-element elementor-element-3e503a36 elementor-section-boxed elementor-section-height-default elementor-section-height-default\" data-id=\"3e503a36\" data-element_type=\"section\" data-settings=\"{&quot;background_background&quot;:&quot;classic&quot;,&quot;shape_divider_bottom&quot;:&quot;waves&quot;}\">\n\t\t\t\t\t\t\t<div class=\"elementor-background-overlay\"><\/div>\n\t\t\t\t\t\t<div class=\"elementor-shape elementor-shape-bottom\" data-negative=\"false\">\n\t\t\t<svg xmlns=\"http:\/\/www.w3.org\/2000\/svg\" viewBox=\"0 0 1000 100\" preserveAspectRatio=\"none\">\n\t<path class=\"elementor-shape-fill\" d=\"M421.9,6.5c22.6-2.5,51.5,0.4,75.5,5.3c23.6,4.9,70.9,23.5,100.5,35.7c75.8,32.2,133.7,44.5,192.6,49.7\n\tc23.6,2.1,48.7,3.5,103.4-2.5c54.7-6,106.2-25.6,106.2-25.6V0H0v30.3c0,0,72,32.6,158.4,30.5c39.2-0.7,92.8-6.7,134-22.4\n\tc21.2-8.1,52.2-18.2,79.7-24.2C399.3,7.9,411.6,7.5,421.9,6.5z\"\/>\n<\/svg>\t\t<\/div>\n\t\t\t\t\t<div class=\"elementor-container elementor-column-gap-default\">\n\t\t\t\t\t<div class=\"elementor-column elementor-col-100 elementor-top-column elementor-element elementor-element-6607e36d\" data-id=\"6607e36d\" data-element_type=\"column\">\n\t\t\t<div class=\"elementor-widget-wrap elementor-element-populated\">\n\t\t\t\t\t\t<div class=\"elementor-element elementor-element-46de5a16 elementor-invisible elementor-widget elementor-widget-heading\" data-id=\"46de5a16\" data-element_type=\"widget\" data-settings=\"{&quot;_animation&quot;:&quot;fadeInUp&quot;}\" data-widget_type=\"heading.default\">\n\t\t\t\t<div class=\"elementor-widget-container\">\n\t\t\t\t\t<h1 class=\"elementor-heading-title elementor-size-default\">Produits<\/h1>\t\t\t\t<\/div>\n\t\t\t\t<\/div>\n\t\t\t\t<div class=\"elementor-element elementor-element-777f28e elementor-widget elementor-widget-heading\" data-id=\"777f28e\" data-element_type=\"widget\" data-widget_type=\"heading.default\">\n\t\t\t\t<div class=\"elementor-widget-container\">\n\t\t\t\t\t<h2 class=\"elementor-heading-title elementor-size-default\">Tout l\u2019\u00e9quipement nautique pour naviguer en toute confiance<\/h2>\t\t\t\t<\/div>\n\t\t\t\t<\/div>\n\t\t\t\t\t<\/div>\n\t\t<\/div>\n\t\t\t\t\t<\/div>\n\t\t<\/section>\n\t\t<div class=\"elementor-element elementor-element-42ef0c8 e-flex e-con-boxed e-con e-parent\" data-id=\"42ef0c8\" data-element_type=\"container\">\n\t\t\t\t\t<div class=\"e-con-inner\">\n\t\t\t\t<div class=\"elementor-element elementor-element-c1c1e94 elementor-widget elementor-widget-text-editor\" data-id=\"c1c1e94\" data-element_type=\"widget\" data-widget_type=\"text-editor.default\">\n\t\t\t\t<div class=\"elementor-widget-container\">\n\t\t\t\t\t\t\t\t\t<p data-start=\"24\" data-end=\"192\">Chez <strong data-start=\"29\" data-end=\"49\">Marine &amp; Loisirs<\/strong>, nous mettons \u00e0 votre disposition une large gamme d\u2019\u00e9quipements et de mat\u00e9riels d\u00e9di\u00e9s au nautisme, \u00e0 la p\u00eache et \u00e0 la navigation en Guyane.<\/p><h4 data-start=\"194\" data-end=\"240\"><strong data-start=\"199\" data-end=\"238\">Mat\u00e9riels nautiques et motonautisme<\/strong><\/h4><ul data-start=\"241\" data-end=\"729\"><li data-start=\"241\" data-end=\"308\"><strong data-start=\"243\" data-end=\"254\">Bateaux<\/strong> : Semi-rigides, coques rigides et bateaux de p\u00eache.<\/li><li data-start=\"309\" data-end=\"402\"><strong data-start=\"311\" data-end=\"332\">Moteurs hors-bord<\/strong> : Distributeur des marques <strong data-start=\"360\" data-end=\"377\">Yamaha Marine<\/strong> et <strong data-start=\"381\" data-end=\"399\">Mercury Marine<\/strong>.<\/li><li data-start=\"403\" data-end=\"509\"><strong data-start=\"405\" data-end=\"434\">\u00c9quipements de navigation<\/strong> : GPS, sondeurs, radios VHF, compas et autres accessoires \u00e9lectroniques.<\/li><li data-start=\"510\" data-end=\"622\"><strong data-start=\"512\" data-end=\"528\">Accastillage<\/strong> : Cordages, ancres, pare-battages, treuils et tout le n\u00e9cessaire pour \u00e9quiper votre bateau.<\/li><li data-start=\"623\" data-end=\"729\"><strong data-start=\"625\" data-end=\"644\">S\u00e9curit\u00e9 en mer<\/strong> : Gilets de sauvetage, radeaux de survie, extincteurs et kits de premiers secours.<\/li><\/ul><h4 data-start=\"731\" data-end=\"768\"><strong data-start=\"736\" data-end=\"766\">P\u00eache et loisirs nautiques<\/strong><\/h4><ul data-start=\"769\" data-end=\"1091\"><li data-start=\"769\" data-end=\"889\"><strong data-start=\"771\" data-end=\"792\">Mat\u00e9riel de p\u00eache<\/strong> : Cannes, moulinets, leurres, lignes et accessoires pour la p\u00eache sportive et la p\u00eache en mer.<\/li><li data-start=\"890\" data-end=\"992\"><strong data-start=\"892\" data-end=\"917\">Plong\u00e9e et snorkeling<\/strong> : Masques, tubas, palmes et combinaisons pour l\u2019exploration sous-marine.<\/li><li data-start=\"993\" data-end=\"1091\"><strong data-start=\"995\" data-end=\"1015\">Sports nautiques<\/strong> : Bou\u00e9es tract\u00e9es, wakeboards et \u00e9quipements pour les loisirs aquatiques.<\/li><\/ul><h4 data-start=\"1093\" data-end=\"1133\"><strong data-start=\"1098\" data-end=\"1131\">Pi\u00e8ces d\u00e9tach\u00e9es et entretien<\/strong><\/h4><ul data-start=\"1134\" data-end=\"1524\"><li data-start=\"1134\" data-end=\"1219\"><strong data-start=\"1136\" data-end=\"1169\">Pi\u00e8ces pour moteurs hors-bord<\/strong> : Filtres, h\u00e9lices, anodes et kits d\u2019entretien.<\/li><li data-start=\"1220\" data-end=\"1305\"><strong data-start=\"1222\" data-end=\"1247\">Huiles et lubrifiants<\/strong> : Gamme compl\u00e8te pour moteurs marins Yamaha et Mercury.<\/li><li data-start=\"1306\" data-end=\"1405\"><strong data-start=\"1308\" data-end=\"1329\">Batteries marines<\/strong> : Adapt\u00e9es aux besoins des embarcations de plaisance et professionnelles.<\/li><li data-start=\"1406\" data-end=\"1524\"><strong data-start=\"1408\" data-end=\"1432\">Produits d\u2019entretien<\/strong> : Nettoyants sp\u00e9cifiques pour bateaux, antifouling et protections pour coques et moteurs.<\/li><\/ul><p data-start=\"1526\" data-end=\"1820\" data-is-last-node=\"\" data-is-only-node=\"\">Nous s\u00e9lectionnons pour vous des produits de haute qualit\u00e9 afin de garantir <strong data-start=\"1602\" data-end=\"1640\">performance, fiabilit\u00e9 et s\u00e9curit\u00e9<\/strong> sur l\u2019eau. Que vous soyez passionn\u00e9 de navigation, p\u00eacheur ou professionnel du nautisme, <strong data-start=\"1730\" data-end=\"1750\">Marine &amp; Loisirs<\/strong> vous accompagne avec les meilleures solutions adapt\u00e9es \u00e0 vos besoins.<\/p>\t\t\t\t\t\t\t\t<\/div>\n\t\t\t\t<\/div>\n\t\t\t\t\t<\/div>\n\t\t\t\t<\/div>\n\t\t<div class=\"elementor-element elementor-element-8eaab58 e-flex e-con-boxed e-con e-parent\" data-id=\"8eaab58\" data-element_type=\"container\">\n\t\t\t\t\t<div class=\"e-con-inner\">\n\t\t\t\t<div class=\"elementor-element elementor-element-cf235f6 elementor-arrows-position-inside elementor-pagination-position-outside elementor-widget elementor-widget-image-carousel\" data-id=\"cf235f6\" data-element_type=\"widget\" data-settings=\"{&quot;navigation&quot;:&quot;both&quot;,&quot;autoplay&quot;:&quot;yes&quot;,&quot;pause_on_hover&quot;:&quot;yes&quot;,&quot;pause_on_interaction&quot;:&quot;yes&quot;,&quot;autoplay_speed&quot;:5000,&quot;infinite&quot;:&quot;yes&quot;,&quot;speed&quot;:500}\" data-widget_type=\"image-carousel.default\">\n\t\t\t\t<div class=\"elementor-widget-container\">\n\t\t\t\t\t\t\t<div class=\"elementor-image-carousel-wrapper swiper\" role=\"region\" aria-roledescription=\"carousel\" aria-label=\"Carrousel d\u2019images\" dir=\"ltr\">\n\t\t\t<div class=\"elementor-image-carousel swiper-wrapper\" aria-live=\"off\">\n\t\t\t\t\t\t\t\t<div class=\"swiper-slide\" role=\"group\" aria-roledescription=\"slide\" aria-label=\"1 of 7\"><figure class=\"swiper-slide-inner\"><img decoding=\"async\" class=\"swiper-slide-image\" src=\"https:\/\/marineetloisirs.com\/wp-content\/uploads\/2025\/02\/PHOTO-2025-01-28-14-27-28.jpg\" alt=\"PHOTO-2025-01-28-14-27-28\" \/><\/figure><\/div><div class=\"swiper-slide\" role=\"group\" aria-roledescription=\"slide\" aria-label=\"2 of 7\"><figure class=\"swiper-slide-inner\"><img decoding=\"async\" class=\"swiper-slide-image\" src=\"https:\/\/marineetloisirs.com\/wp-content\/uploads\/2025\/02\/PHOTO-2025-01-28-14-23-28.jpg\" alt=\"PHOTO-2025-01-28-14-23-28\" \/><\/figure><\/div><div class=\"swiper-slide\" role=\"group\" aria-roledescription=\"slide\" aria-label=\"3 of 7\"><figure class=\"swiper-slide-inner\"><img decoding=\"async\" class=\"swiper-slide-image\" src=\"https:\/\/marineetloisirs.com\/wp-content\/uploads\/2025\/02\/PHOTO-2025-01-28-14-28-11.jpg\" alt=\"PHOTO-2025-01-28-14-28-11\" \/><\/figure><\/div><div class=\"swiper-slide\" role=\"group\" aria-roledescription=\"slide\" aria-label=\"4 of 7\"><figure class=\"swiper-slide-inner\"><img decoding=\"async\" class=\"swiper-slide-image\" src=\"https:\/\/marineetloisirs.com\/wp-content\/uploads\/2025\/02\/PHOTO-2025-01-28-14-27-30.jpg\" alt=\"PHOTO-2025-01-28-14-27-30\" \/><\/figure><\/div><div class=\"swiper-slide\" role=\"group\" aria-roledescription=\"slide\" aria-label=\"5 of 7\"><figure class=\"swiper-slide-inner\"><img decoding=\"async\" class=\"swiper-slide-image\" src=\"https:\/\/marineetloisirs.com\/wp-content\/uploads\/2025\/02\/Design-sans-titre-8.png\" alt=\"Design sans titre (8)\" \/><\/figure><\/div><div class=\"swiper-slide\" role=\"group\" aria-roledescription=\"slide\" aria-label=\"6 of 7\"><figure class=\"swiper-slide-inner\"><img decoding=\"async\" class=\"swiper-slide-image\" src=\"https:\/\/marineetloisirs.com\/wp-content\/uploads\/2025\/02\/Design-sans-titre-9.png\" alt=\"Design sans titre (9)\" \/><\/figure><\/div><div class=\"swiper-slide\" role=\"group\" aria-roledescription=\"slide\" aria-label=\"7 of 7\"><figure class=\"swiper-slide-inner\"><img decoding=\"async\" class=\"swiper-slide-image\" src=\"https:\/\/marineetloisirs.com\/wp-content\/uploads\/2025\/02\/Design-sans-titre-7.png\" alt=\"Design sans titre (7)\" \/><\/figure><\/div>\t\t\t<\/div>\n\t\t\t\t\t\t\t\t\t\t\t\t<div class=\"elementor-swiper-button elementor-swiper-button-prev\" role=\"button\" tabindex=\"0\">\n\t\t\t\t\t\t<svg aria-hidden=\"true\" class=\"e-font-icon-svg e-eicon-chevron-left\" viewBox=\"0 0 1000 1000\" xmlns=\"http:\/\/www.w3.org\/2000\/svg\"><path d=\"M646 125C629 125 613 133 604 142L308 442C296 454 292 471 292 487 292 504 296 521 308 533L604 854C617 867 629 875 646 875 663 875 679 871 692 858 704 846 713 829 713 812 713 796 708 779 692 767L438 487 692 225C700 217 708 204 708 187 708 171 704 154 692 142 675 129 663 125 646 125Z\"><\/path><\/svg>\t\t\t\t\t<\/div>\n\t\t\t\t\t<div class=\"elementor-swiper-button elementor-swiper-button-next\" role=\"button\" tabindex=\"0\">\n\t\t\t\t\t\t<svg aria-hidden=\"true\" class=\"e-font-icon-svg e-eicon-chevron-right\" viewBox=\"0 0 1000 1000\" xmlns=\"http:\/\/www.w3.org\/2000\/svg\"><path d=\"M696 533C708 521 713 504 713 487 713 471 708 454 696 446L400 146C388 133 375 125 354 125 338 125 325 129 313 142 300 154 292 171 292 187 292 204 296 221 308 233L563 492 304 771C292 783 288 800 288 817 288 833 296 850 308 863 321 871 338 875 354 875 371 875 388 867 400 854L696 533Z\"><\/path><\/svg>\t\t\t\t\t<\/div>\n\t\t\t\t\n\t\t\t\t\t\t\t\t\t<div class=\"swiper-pagination\"><\/div>\n\t\t\t\t\t\t\t\t\t<\/div>\n\t\t\t\t\t\t<\/div>\n\t\t\t\t<\/div>\n\t\t\t\t\t<\/div>\n\t\t\t\t<\/div>\n\t\t\t\t<\/div>\n\t\t","protected":false},"excerpt":{"rendered":"<p>Tout l\u2019\u00e9quipement nautique pour naviguer en toute confiance Chez Marine &amp; Loisirs, nous mettons \u00e0 votre disposition une large gamme d\u2019\u00e9quipements et de mat\u00e9riels d\u00e9di\u00e9s au nautisme, \u00e0 la p\u00eache et \u00e0 la navigation en Guyane. Mat\u00e9riels nautiques et motonautisme Bateaux : Semi-rigides, coques rigides et bateaux de p\u00eache. Moteurs hors-bord : Distributeur des marques [&hellip;]<\/p>\n","protected":false},"author":1,"featured_media":0,"parent":0,"menu_order":0,"comment_status":"closed","ping_status":"closed","template":"","meta":{"footnotes":""},"class_list":["post-37","page","type-page","status-publish","hentry"],"_links":{"self":[{"href":"https:\/\/marineetloisirs.com\/index.php\/wp-json\/wp\/v2\/pages\/37","targetHints":{"allow":["GET"]}}],"collection":[{"href":"https:\/\/marineetloisirs.com\/index.php\/wp-json\/wp\/v2\/pages"}],"about":[{"href":"https:\/\/marineetloisirs.com\/index.php\/wp-json\/wp\/v2\/types\/page"}],"author":[{"embeddable":true,"href":"https:\/\/marineetloisirs.com\/index.php\/wp-json\/wp\/v2\/users\/1"}],"replies":[{"embeddable":true,"href":"https:\/\/marineetloisirs.com\/index.php\/wp-json\/wp\/v2\/comments?post=37"}],"version-history":[{"count":7,"href":"https:\/\/marineetloisirs.com\/index.php\/wp-json\/wp\/v2\/pages\/37\/revisions"}],"predecessor-version":[{"id":114,"href":"https:\/\/marineetloisirs.com\/index.php\/wp-json\/wp\/v2\/pages\/37\/revisions\/114"}],"wp:attachment":[{"href":"https:\/\/marineetloisirs.com\/index.php\/wp-json\/wp\/v2\/media?parent=37"}],"curies":[{"name":"wp","href":"https:\/\/api.w.org\/{rel}","templated":true}]}}